{"id":19,"date":"2022-11-21T13:51:35","date_gmt":"2022-11-21T13:51:35","guid":{"rendered":"https:\/\/reziviral.xyz\/?page_id=19"},"modified":"2025-04-28T15:53:30","modified_gmt":"2025-04-28T15:53:30","slug":"quem-somos","status":"publish","type":"page","link":"https:\/\/reziviral.xyz\/ar\/quem-somos\/","title":{"rendered":"\u0645\u0639\u0644\u0648\u0645\u0627\u062a \u0639\u0646\u0627"},"content":{"rendered":"<html><body><h1 class=\"wp-block-heading\">\u0645\u0639\u0644\u0648\u0645\u0627\u062a \u0639\u0646\u0627 - <strong>\u0631\u064a\u0632\u064a\u0641\u064a\u0631\u0627\u0644<\/strong> : Conhecimento Financeiro ao Seu Alcance<\/h1>\n\n\n\n<p>\u0645\u0631\u062d\u0628\u0627\u064b \u0628\u0643\u0645 <strong><strong>\u0631\u064a\u0632\u064a\u0641\u064a\u0631\u0627\u0644<\/strong><\/strong>, \u0646\u062d\u0646 \u0645\u0635\u062f\u0631 \u0645\u0648\u062b\u0648\u0642 \u0644\u0644\u0645\u0639\u0644\u0648\u0645\u0627\u062a \u0627\u0644\u0645\u0627\u0644\u064a\u0629\u060c \u0642\u0627\u062f\u0631 \u0639\u0644\u0649 \u0645\u0633\u0627\u0639\u062f\u062a\u0643 \u0641\u064a \u0627\u062a\u062e\u0627\u0630 \u0642\u0631\u0627\u0631\u0627\u062a \u0645\u062f\u0631\u0648\u0633\u0629 \u0648\u0627\u0633\u062a\u0631\u0627\u062a\u064a\u062c\u064a\u0629. \u0645\u0647\u0645\u062a\u0646\u0627 \u0647\u064a \u062a\u0632\u0648\u064a\u062f\u0643 \u0628\u062e\u062f\u0645\u0627\u062a \u0645\u0627\u0644\u064a\u0629 \u0639\u0627\u0644\u064a\u0629 \u0627\u0644\u062c\u0648\u062f\u0629\u060c \u062a\u064f\u0645\u0643\u0651\u0646\u0643 \u0645\u0646 \u062a\u062d\u0642\u064a\u0642 \u0623\u0647\u062f\u0627\u0641\u0643 \u0627\u0644\u0645\u0627\u0644\u064a\u0629 \u0648\u0627\u0633\u062a\u0639\u0627\u062f\u0629 \u0627\u0644\u0633\u064a\u0637\u0631\u0629 \u0639\u0644\u0649 \u062d\u064a\u0627\u062a\u0643 \u0627\u0644\u0645\u0627\u0644\u064a\u0629.<\/p>\n\n\n\n<h2 class=\"wp-block-heading\">\u0645\u0646 \u0646\u062d\u0646<\/h2>\n\n\n\n<p>\u0644\u0627 <strong><strong>\u0631\u064a\u0632\u064a\u0641\u064a\u0631\u0627\u0644<\/strong><\/strong>, \u0646\u062d\u0646 \u0645\u062c\u0645\u0648\u0639\u0629 \u0645\u062a\u062e\u0635\u0635\u0629 \u0641\u064a \u0627\u0644\u062a\u0645\u0648\u064a\u0644 \u0648\u0627\u0644\u0627\u0633\u062a\u062b\u0645\u0627\u0631\u0627\u062a \u0648\u0627\u0644\u062a\u062e\u0637\u064a\u0637 \u0627\u0644\u0645\u0627\u0644\u064a. \u064a\u062a\u0623\u0644\u0641 \u0641\u0631\u064a\u0642\u0646\u0627 \u0645\u0646 \u0645\u062a\u062e\u0635\u0635\u064a\u0646 \u0645\u0627\u0644\u064a\u064a\u0646 \u0648\u0627\u0642\u062a\u0635\u0627\u062f\u064a\u064a\u0646 \u0648\u0645\u0633\u062a\u0634\u0627\u0631\u064a\u0646 \u0645\u0627\u0644\u064a\u064a\u0646\u060c \u062c\u0645\u064a\u0639\u0647\u0645 \u0645\u0644\u062a\u0632\u0645\u0648\u0646 \u0628\u0645\u0634\u0627\u0631\u0643\u0629 \u0627\u0644\u0645\u0639\u0631\u0641\u0629 \u0627\u0644\u0642\u064a\u0651\u0645\u0629 \u0648\u0627\u0644\u0639\u0645\u0644\u064a\u0629 \u0645\u0639 \u0642\u0631\u0627\u0626\u0646\u0627.<\/p>\n\n\n\n<h2 class=\"wp-block-heading\">\u0645\u0647\u0645\u062a\u0646\u0627<\/h2>\n\n\n\n<p>\u0645\u0647\u0645\u062a\u0646\u0627 \u0648\u0627\u0636\u062d\u0629: \u0623\u0646 \u062a\u0641\u0647\u0645 \u0646\u0641\u0633\u0643 \u0628\u0627\u0644\u0645\u0639\u0631\u0641\u0629 \u0627\u0644\u0644\u0627\u0632\u0645\u0629 \u0644\u0627\u062a\u062e\u0627\u0630 \u0642\u0631\u0627\u0631\u0627\u062a \u0645\u0627\u0644\u064a\u0629 \u0633\u0644\u064a\u0645\u0629. \u0646\u0633\u0639\u0649 \u0625\u0644\u0649 \u062a\u0628\u0633\u064a\u0637 \u0627\u0644\u0645\u0648\u0627\u0636\u064a\u0639 \u0627\u0644\u0645\u0639\u0642\u062f\u0629\u060c \u0648\u0625\u0632\u0627\u0644\u0629 \u0627\u0644\u063a\u0645\u0648\u0636 \u0639\u0646 \u0639\u0627\u0644\u0645 \u0627\u0644\u0645\u0627\u0644\u060c \u0648\u062a\u0642\u062f\u064a\u0645 \u0625\u0631\u0634\u0627\u062f\u0627\u062a \u0639\u0645\u0644\u064a\u0629 \u0644\u0645\u0633\u0627\u0639\u062f\u062a\u0647 \u0639\u0644\u0649 \u062a\u062d\u0642\u064a\u0642 \u0627\u0633\u062a\u0642\u0644\u0627\u0644\u0647 \u0627\u0644\u0645\u0627\u0644\u064a \u0648\u0623\u0647\u062f\u0627\u0641\u0647 \u0627\u0644\u062d\u064a\u0627\u062a\u064a\u0629.<\/p>\n\n\n\n<h2 class=\"wp-block-heading\">\u0645\u0627 \u0646\u0642\u062f\u0645\u0647<\/h2>\n\n\n\n<p>\u0644\u0627 <strong><strong><strong>\u0631\u064a\u0632\u064a\u0641\u064a\u0631\u0627\u0644<\/strong><\/strong> <\/strong>, \u0646\u0642\u062f\u0645 \u0645\u062c\u0645\u0648\u0639\u0629 \u0645\u062a\u0646\u0648\u0639\u0629 \u0645\u0646 \u0627\u0644\u062f\u0648\u0631\u0627\u062a \u0644\u062a\u062d\u0633\u064a\u0646 \u0641\u0647\u0645\u0643 \u0627\u0644\u0645\u0627\u0644\u064a:<\/p>\n\n\n\n<ul class=\"wp-block-list\">\n<li><strong>\u0645\u0642\u0627\u0644\u0627\u062a \u0625\u0639\u0644\u0627\u0645\u064a\u0629:<\/strong> \u0627\u0633\u062a\u0643\u0634\u0641 \u0645\u062c\u0645\u0648\u0639\u062a\u0646\u0627 \u0627\u0644\u0648\u0627\u0633\u0639\u0629 \u0645\u0646 \u0627\u0644\u0645\u0642\u0627\u0644\u0627\u062a \u0627\u0644\u0645\u0641\u064a\u062f\u0629 \u0627\u0644\u062a\u064a \u062a\u063a\u0637\u064a \u0645\u0648\u0627\u0636\u064a\u0639 \u0645\u062a\u0646\u0648\u0639\u0629\u060c \u0645\u0646 \u0627\u0644\u0627\u0633\u062a\u062b\u0645\u0627\u0631 \u0627\u0644\u0639\u0642\u0627\u0631\u064a \u0625\u0644\u0649 \u0627\u0633\u062a\u0631\u0627\u062a\u064a\u062c\u064a\u0627\u062a \u0627\u0644\u0627\u0633\u062a\u062b\u0645\u0627\u0631 \u0627\u0644\u0645\u062a\u0642\u062f\u0645\u0629. \u0647\u062f\u0641\u0646\u0627 \u0647\u0648 \u062a\u0648\u0641\u064a\u0631 \u0645\u0639\u0644\u0648\u0645\u0627\u062a \u0633\u0647\u0644\u0629 \u0627\u0644\u0641\u0647\u0645 \u062a\u063a\u0637\u064a \u062c\u0645\u064a\u0639 \u062c\u0648\u0627\u0646\u0628 \u062d\u064a\u0627\u062a\u0643 \u0627\u0644\u0645\u0627\u0644\u064a\u0629 \u0627\u0644\u064a\u0648\u0645\u064a\u0629.<\/li>\n\n\n\n<li><strong>\u0646\u0635\u0627\u0626\u062d \u0639\u0645\u0644\u064a\u0629:<\/strong> \u062a\u0639\u0631\u0651\u0641 \u0639\u0644\u0649 \u0623\u0641\u0636\u0644 \u0627\u0644\u0645\u0645\u0627\u0631\u0633\u0627\u062a \u0644\u062a\u0648\u0641\u064a\u0631 \u0627\u0644\u0645\u0627\u0644\u060c \u0648\u0627\u0644\u0627\u0633\u062a\u062b\u0645\u0627\u0631 \u0628\u0630\u0643\u0627\u0621\u060c \u0648\u062a\u062d\u0642\u064a\u0642 \u0623\u0647\u062f\u0627\u0641\u0643 \u0627\u0644\u0645\u0627\u0644\u064a\u0629. \u0646\u0624\u0643\u062f \u0623\u0646 \u0647\u0630\u0647 \u0627\u0644\u0645\u0645\u0627\u0631\u0633\u0627\u062a \u0645\u0635\u0645\u0645\u0629 \u0644\u062a\u0637\u0628\u064a\u0642\u0647\u0627 \u064a\u0648\u0645\u064a\u0627\u064b.<\/li>\n\n\n\n<li><strong>\u062a\u062d\u0644\u064a\u0644\u0627\u062a \u0627\u0644\u0633\u0648\u0642:<\/strong> \u0627\u0628\u0642\u064e \u0639\u0644\u0649 \u0627\u0637\u0644\u0627\u0639 \u062f\u0627\u0626\u0645 \u0628\u062a\u062d\u0644\u064a\u0644\u0627\u062a \u0645\u0641\u0635\u0644\u0629 \u0644\u0644\u0627\u062a\u062c\u0627\u0647\u0627\u062a \u0641\u064a \u0627\u0644\u0633\u0648\u0642 \u0627\u0644\u0645\u0627\u0644\u064a\u0629\u060c \u0645\u0645\u0627 \u064a\u0633\u0627\u0639\u062f\u0643 \u0639\u0644\u0649 \u0627\u062a\u062e\u0627\u0630 \u0642\u0631\u0627\u0631\u0627\u062a \u0645\u0633\u062a\u0646\u064a\u0631\u0629 \u0628\u0634\u0623\u0646 \u0627\u0644\u0627\u0633\u062a\u062b\u0645\u0627\u0631\u0627\u062a.<\/li>\n\n\n\n<li><strong>Comunidade Financeira:<\/strong> \u0634\u0627\u0631\u0643 \u0641\u064a \u0645\u062c\u062a\u0645\u0639\u0646\u0627 \u0627\u0644\u0645\u0627\u0644\u064a\u060c \u0648\u0634\u0627\u0631\u0643 \u062a\u062c\u0627\u0631\u0628\u0643\u060c \u0648\u0627\u0637\u0631\u062d \u0627\u0644\u0623\u0633\u0626\u0644\u0629\u060c \u0648\u062a\u0639\u0644\u0651\u0645 \u0645\u0646 \u0627\u0644\u0622\u062e\u0631\u064a\u0646 \u0627\u0644\u0645\u0647\u062a\u0645\u064a\u0646 \u0628\u0627\u0644\u062a\u0645\u0648\u064a\u0644.<\/li>\n<\/ul>\n\n\n\n<h2 class=\"wp-block-heading\">\u062d\u0644\u0646\u0627 \u0627\u0644\u0648\u0633\u0637<\/h2>\n\n\n\n<p>\u0644\u0627 <strong><strong>\u0631\u064a\u0632\u064a\u0641\u064a\u0631\u0627\u0644<\/strong><\/strong>, estamos comprometidos com:<\/p>\n\n\n\n<ul class=\"wp-block-list\">\n<li><strong>Informa\u00e7\u00f5es Precisas:<\/strong> \u062a\u0639\u062a\u0645\u062f \u0645\u0646\u062a\u062c\u0627\u062a\u0646\u0627 \u0639\u0644\u0649 \u0628\u0646\u064a\u0629 \u0645\u062a\u064a\u0646\u0629 \u0648\u062a\u0635\u0645\u064a\u0645 \u0645\u062a\u062e\u0635\u0635. \u0648\u0633\u0646\u0642\u062f\u0645 \u0644\u0643\u0645 \u0645\u0639\u0644\u0648\u0645\u0627\u062a \u062f\u0642\u064a\u0642\u0629 \u0648\u0645\u062d\u062f\u062b\u0629 \u0628\u0627\u0633\u062a\u0645\u0631\u0627\u0631.<\/li>\n\n\n\n<li><strong>\u0625\u0645\u0643\u0627\u0646\u064a\u0629 \u0627\u0644\u0648\u0635\u0648\u0644:<\/strong> \u0646\u0624\u0645\u0646 \u0628\u0623\u0646 \u0627\u0644\u062d\u0644\u0648\u0644 \u0627\u0644\u0645\u0627\u0644\u064a\u0629 \u064a\u062c\u0628 \u0623\u0646 \u062a\u0643\u0648\u0646 \u0645\u062a\u0627\u062d\u0629 \u0644\u0644\u062c\u0645\u064a\u0639. \u0646\u0642\u062f\u0645 \u0645\u0639\u0644\u0648\u0645\u0627\u062a \u0648\u0627\u0636\u062d\u0629 \u0648\u0634\u0627\u0645\u0644\u0629\u060c \u0628\u063a\u0636 \u0627\u0644\u0646\u0638\u0631 \u0639\u0646 \u0645\u0633\u062a\u0648\u0649 \u0645\u0639\u0631\u0641\u062a\u0643 \u0627\u0644\u0645\u0627\u0644\u064a\u0629.<\/li>\n\n\n\n<li><strong>\u0627\u0644\u0623\u062e\u0644\u0627\u0642 \u0648\u0627\u0644\u0646\u0632\u0627\u0647\u0629:<\/strong> \u062f\u0639\u0648\u0646\u0627 \u0646\u062d\u0627\u0641\u0638 \u0639\u0644\u0649 \u0623\u0641\u0636\u0644 \u0627\u0644\u0645\u0639\u0644\u0645\u064a\u0646 \u0627\u0644\u0623\u062e\u0644\u0627\u0642\u064a\u064a\u0646 \u0641\u064a \u062a\u0648\u0635\u064a\u0627\u062a\u0646\u0627 \u0648\u062a\u062d\u0644\u064a\u0644\u0627\u062a\u0646\u0627. \u0623\u0648\u0644\u0648\u064a\u062a\u0646\u0627 \u0647\u064a \u062a\u0642\u062f\u064a\u0645 \u0645\u0639\u0644\u0648\u0645\u0627\u062a \u0645\u062d\u0627\u064a\u062f\u0629 \u0648\u0645\u0648\u062b\u0648\u0642\u0629.<\/li>\n<\/ul>\n\n\n\n<h2 class=\"wp-block-heading\">\u0627\u0646\u0636\u0645 \u0625\u0644\u064a\u0646\u0627<\/h2>\n\n\n\n<p>\u0644\u0627 <strong><strong>\u0631\u064a\u0632\u064a\u0641\u064a\u0631\u0627\u0644<\/strong><\/strong>, \u0646\u0624\u0645\u0646 \u0628\u0623\u0646 \u0627\u0644\u0645\u0639\u0631\u0641\u0629 \u0627\u0644\u0645\u0627\u0644\u064a\u0629 \u0647\u064a \u0645\u0641\u062a\u0627\u062d \u0627\u0644\u062d\u064a\u0627\u0629 \u0627\u0644\u0645\u0627\u0644\u064a\u0629 \u0627\u0644\u0633\u0644\u064a\u0645\u0629 \u0648\u0627\u0644\u0646\u0627\u062c\u062d\u0629. \u0648\u0646\u062a\u0637\u0644\u0639 \u0625\u0644\u0649 \u0627\u0633\u062a\u0643\u0634\u0627\u0641 \u0645\u0648\u0627\u0631\u062f\u0646\u0627\u060c \u0648\u0627\u0644\u062a\u0639\u0631\u0641 \u0639\u0644\u0649 \u0623\u0633\u0627\u0644\u064a\u0628 \u0639\u0645\u0644\u0646\u0627\u060c \u0648\u0623\u0646 \u0646\u0643\u0648\u0646 \u062c\u0632\u0621\u064b\u0627 \u0645\u0646 \u0645\u062c\u062a\u0645\u0639\u0646\u0627 \u0627\u0644\u0645\u0627\u0644\u064a.<\/p>\n\n\n\n<p>\u0633\u0648\u0627\u0621 \u0643\u0646\u062a \u0645\u0628\u062a\u062f\u0626\u064b\u0627 \u0623\u0648 \u0645\u0633\u062a\u062b\u0645\u0631\u064b\u0627 \u062e\u0628\u064a\u0631\u064b\u0627\u060c \u0633\u0646\u063a\u0637\u064a \u062c\u0645\u064a\u0639 \u0645\u0631\u0627\u062d\u0644 \u0627\u0644\u0627\u0633\u062a\u062b\u0645\u0627\u0631. \u0627\u0628\u062f\u0623 \u064a\u0648\u0645\u0643 \u0628\u0627\u0633\u062a\u0642\u0644\u0627\u0644\u064a\u0629 \u0645\u0627\u0644\u064a\u0629 \u0645\u0639 o <strong><strong>\u0631\u064a\u0632\u064a\u0641\u064a\u0631\u0627\u0644<\/strong><\/strong>. \u0627\u0646\u0636\u0645 \u0625\u0644\u064a\u0646\u0627 \u0648\u0627\u0628\u062f\u0623 \u0628\u0627\u0644\u062a\u062d\u0643\u0645 \u0641\u064a \u0645\u0633\u062a\u0642\u0628\u0644\u0643 \u0627\u0644\u0645\u0627\u0644\u064a \u0627\u0644\u064a\u0648\u0645!<\/p>\n<\/body><\/html>","protected":false},"excerpt":{"rendered":"<p>Sobre N\u00f3s \u2013 Reziviral : Conhecimento Financeiro ao Seu Alcance Bem-vindo ao Reziviral, sua fonte confi\u00e1vel de informa\u00e7\u00f5es financeiras que capacitam voc\u00ea a tomar decis\u00f5es informadas e estrat\u00e9gicas. Nossa miss\u00e3o \u00e9 fornecer conhecimento financeiro acess\u00edvel e de qualidade para ajudar voc\u00ea a alcan\u00e7ar suas metas financeiras e tomar controle de sua vida financeira. Quem Somos [&hellip;]<\/p>\n","protected":false},"author":1,"featured_media":0,"parent":0,"menu_order":0,"comment_status":"closed","ping_status":"closed","template":"","meta":{"footnotes":""},"class_list":["post-19","page","type-page","status-publish","hentry"],"_links":{"self":[{"href":"https:\/\/reziviral.xyz\/ar\/wp-json\/wp\/v2\/pages\/19","targetHints":{"allow":["GET"]}}],"collection":[{"href":"https:\/\/reziviral.xyz\/ar\/wp-json\/wp\/v2\/pages"}],"about":[{"href":"https:\/\/reziviral.xyz\/ar\/wp-json\/wp\/v2\/types\/page"}],"author":[{"embeddable":true,"href":"https:\/\/reziviral.xyz\/ar\/wp-json\/wp\/v2\/users\/1"}],"replies":[{"embeddable":true,"href":"https:\/\/reziviral.xyz\/ar\/wp-json\/wp\/v2\/comments?post=19"}],"version-history":[{"count":10,"href":"https:\/\/reziviral.xyz\/ar\/wp-json\/wp\/v2\/pages\/19\/revisions"}],"predecessor-version":[{"id":3232,"href":"https:\/\/reziviral.xyz\/ar\/wp-json\/wp\/v2\/pages\/19\/revisions\/3232"}],"wp:attachment":[{"href":"https:\/\/reziviral.xyz\/ar\/wp-json\/wp\/v2\/media?parent=19"}],"curies":[{"name":"wp","href":"https:\/\/api.w.org\/{rel}","templated":true}]}}