{"id":1120,"date":"2023-04-14T15:05:28","date_gmt":"2023-04-14T15:05:28","guid":{"rendered":"https:\/\/reziviral.xyz\/?page_id=1120"},"modified":"2026-04-02T12:25:25","modified_gmt":"2026-04-02T12:25:25","slug":"termos-de-uso","status":"publish","type":"page","link":"https:\/\/reziviral.xyz\/en\/termos-de-uso\/","title":{"rendered":"Termos de Uso"},"content":{"rendered":"<html><body><h2><span style=\"color: rgb(68, 68, 68);\">1. Thermos<\/span><\/h2><p><span style=\"color: rgb(68, 68, 68);\">Ao acessar ao site <a href=\"https:\/\/reziviral.xyz\/en\/\">Reziviral<\/a>, agrees to fill these terms of service, all of which apply to you and the regulations that apply and agree that it is your responsibility to cover all of the things that apply to you. If you do not agree with any of these thermos, you are prohibited from using or accessing this site. The materials contained on this site are protected by the applicable automotive and commercial brands.<\/span><\/p><h2><span style=\"color: rgb(68, 68, 68);\">2. Use of License<\/span><\/h2><p><span style=\"color: rgb(68, 68, 68);\">Permission is granted to temporarily store a copy of the materials (information or software) on the Reziviral site, except for personal and non-commercial transit viewing. This license is granted, there is no title transfer and, under this license, you cannot:\u00a0<\/span><\/p><ol><li><span style=\"color: rgb(68, 68, 68);\">modify or copy materials;\u00a0<\/span><\/li><li><span style=\"color: rgb(68, 68, 68);\">use the materials for any commercial purpose or for public display (commercial or non-commercial);\u00a0<\/span><\/li><li><span style=\"color: rgb(68, 68, 68);\">attempt to decompile or reverse engineer any related software on the Reziviral site;\u00a0<\/span><\/li><li><span style=\"color: rgb(68, 68, 68);\">remove any car directions or other material property notes; ou\u00a0<\/span><\/li><li><span style=\"color: rgb(68, 68, 68);\">transfer the materials to another person or &#039;expel&#039; the materials to any other servicer.<\/span><\/li><\/ol><p><span style=\"color: rgb(68, 68, 68);\">This license will automatically be terminated if you violate any of these restrictions and may be terminated by Reziviral at any time. Before viewing the materials in your possession, whether in electronic or printed format.<\/span><\/p><h2><span style=\"color: rgb(68, 68, 68);\">3. Issuance of responsibility<\/span><\/h2><ol><li><span style=\"color: rgb(68, 68, 68);\">Materials not site by Reziviral are supplied &#039;as is&#039;. Reziviral does not offer warranties, express or implied, and, for this reason, grants and denies all other warranties, including, without limitation, implied warranties or conditions of sale, suitability to a specific product or not infringement of intellectual property or other infringement of rights.<\/span><\/li><li><span style=\"color: rgb(68, 68, 68);\">However, Reziviral does not guarantee that any representation relating to accuracy, the results will be tested or confirmed by the use of materials on this site or in any other form relating to these materials or on sites linked to this site.<\/span><\/li><\/ol><h2><span style=\"color: rgb(68, 68, 68);\">4. Limitations<\/span><\/h2><p><span style=\"color: rgb(68, 68, 68);\">In no case does Reziviral or any vendor be liable for any damage (including, without limitation, damage due to loss of dice or profits or due to interruption of business) from the current use or inability to use the materials in Reziviral, even if Reziviral or a representative authorized by Reziviral may be notified orally or in writing where possible. As some legal regulations do not permit limitations on implied warranties, or limitations on liability for consequential or accident damage, these limitations may not apply specifically.<\/span><\/p><h2><span style=\"color: rgb(68, 68, 68);\">5. Precis\u00e3o dos materiais<\/span><\/h2><p><span style=\"color: rgb(68, 68, 68);\">The materials displayed on Reziviral&#039;s website may include technical, typographical or photographic errors. Reziviral does not guarantee that any material on its site is accurate, complete or current. Reziviral can cause alterations to our current materials at any time, without prior notice. However, Reziviral does not compromise on updating the materials.<\/span><\/p><h2><span style=\"color: rgb(68, 68, 68);\">6. Links<\/span><\/h2><p><span style=\"color: rgb(68, 68, 68);\">O Reziviral does not analyze all sites linked to its site and is not responsible for the content of any linked site. The inclusion of any link does not imply endorsing the site. The use of any linked site is counted and paid by the user.<\/span><\/p><p><br><\/p><h3><span style=\"color: rgb(68, 68, 68);\">Modifications<\/span><\/h3><p><span style=\"color: rgb(68, 68, 68);\">O Reziviral can review these terms of service on site at any time, without prior notice. By using this site, you agree to be bound to the current terms of service.<\/span><\/p><h3><span style=\"color: rgb(68, 68, 68);\">Lei aplic\u00e1vel<\/span><\/h3><p><span style=\"color: rgb(68, 68, 68);\">These terms and conditions are regulated and interpreted in accordance with the laws of Brazil and are irrevocably submitted to the exclusive jurisdiction of the national tribunals, state or location.<\/span><\/p>\n<\/body><\/html>","protected":false},"excerpt":{"rendered":"<p>1. Termos Ao acessar ao site Reziviral, concorda em cumprir estes termos de servi\u00e7o, todas as leis e regulamentos aplic\u00e1veis \u200b\u200be concorda que \u00e9 respons\u00e1vel pelo cumprimento de todas as leis locais aplic\u00e1veis. Se voc\u00ea n\u00e3o concordar com algum desses termos, est\u00e1 proibido de usar ou acessar este site. Os materiais contidos neste site s\u00e3o [&hellip;]<\/p>\n","protected":false},"author":1,"featured_media":0,"parent":0,"menu_order":0,"comment_status":"closed","ping_status":"closed","template":"","meta":{"footnotes":""},"class_list":["post-1120","page","type-page","status-publish","hentry"],"_links":{"self":[{"href":"https:\/\/reziviral.xyz\/en\/wp-json\/wp\/v2\/pages\/1120","targetHints":{"allow":["GET"]}}],"collection":[{"href":"https:\/\/reziviral.xyz\/en\/wp-json\/wp\/v2\/pages"}],"about":[{"href":"https:\/\/reziviral.xyz\/en\/wp-json\/wp\/v2\/types\/page"}],"author":[{"embeddable":true,"href":"https:\/\/reziviral.xyz\/en\/wp-json\/wp\/v2\/users\/1"}],"replies":[{"embeddable":true,"href":"https:\/\/reziviral.xyz\/en\/wp-json\/wp\/v2\/comments?post=1120"}],"version-history":[{"count":4,"href":"https:\/\/reziviral.xyz\/en\/wp-json\/wp\/v2\/pages\/1120\/revisions"}],"predecessor-version":[{"id":3635,"href":"https:\/\/reziviral.xyz\/en\/wp-json\/wp\/v2\/pages\/1120\/revisions\/3635"}],"wp:attachment":[{"href":"https:\/\/reziviral.xyz\/en\/wp-json\/wp\/v2\/media?parent=1120"}],"curies":[{"name":"wp","href":"https:\/\/api.w.org\/{rel}","templated":true}]}}