{"id":2211,"date":"2023-08-05T00:45:30","date_gmt":"2023-08-05T00:45:30","guid":{"rendered":"https:\/\/reziviral.xyz\/?page_id=2211"},"modified":"2025-04-28T15:52:38","modified_gmt":"2025-04-28T15:52:38","slug":"transparency","status":"publish","type":"page","link":"https:\/\/reziviral.xyz\/en\/transparency\/","title":{"rendered":"Transparency"},"content":{"rendered":"<html><body><h1 class=\"wp-block-heading\">Transparency<\/h1>\n\n\n\n<p>See you on our Transparency page no <strong>Reziviral<\/strong>. We value the trust that you leave with us to obtain financial information and resources to improve your financial health. This page was created to share information about how we work, ensuring that our readers have a confident and informed experience on our site.<\/p>\n\n\n\n<h2 class=\"wp-block-heading\">Origem dos Artigos<\/h2>\n\n\n\n<p>Our craftsmen are created by a team of specialists in finance and economics, based on rigorous research and in-depth analysis. We strive to obtain current and precise information on important financial topics, from the financial planning perspective to investments and financial education.<\/p>\n\n\n\n<h2 class=\"wp-block-heading\">Source das Imagens<\/h2>\n\n\n\n<p>The images we use in our crafts come from different sources, including banks of commercially licensed images and original creations. When necessary, we guarantee that we give full credit to the holders of the rights authored by the images. Our goal is to enhance the reading experience with relevant and informative visual elements.<\/p>\n\n\n\n<h2 class=\"wp-block-heading\">Comments and Participation of the Readers<\/h2>\n\n\n\n<p>We credit the value of community engagement and our constructive ideas. We encourage our readers to share their opinions and experiences in our comments on our crafts. Our moderators monitor comments to ensure a respectful and informative environment for everyone.<\/p>\n\n\n\n<h2 class=\"wp-block-heading\">Affiliates and Publicity<\/h2>\n\n\n\n<p>To maintain the quality of our account and offer free returns to our readers, we participate in affiliate programs and display them publicly on our site. When readers click on affiliate links or advertisements, we may receive a message. However, we note that all product and service recommendations are based on their relevance and usefulness, and not only for financial reasons.<\/p>\n\n\n\n<h2 class=\"wp-block-heading\">Privacy Policy<\/h2>\n\n\n\n<p>Protecting your privacy and your people is one of our priorities. To understand how we collect, use and protect your information, please consult our Privacy Policy.<\/p>\n\n\n\n<h2 class=\"wp-block-heading\">Our Compromise<\/h2>\n\n\n\n<p>No <strong><strong>Reziviral<\/strong><\/strong>, our commitment is to provide confidential, relevant and accessible financial information. We maintain a high level of ethics and quality in all aspects of our site, so that we can make informed and well-rounded financial decisions.<\/p>\n\n\n\n<p>If you have any doubts, feedback or concerns related to transparency or any other aspect of <strong><strong>Reziviral<\/strong><\/strong>, while in contact I am familiar with our contact form. We welcome you to join our financial community and trust us for your financial needs.<\/p>\n<\/body><\/html>","protected":false},"excerpt":{"rendered":"<p>Transpar\u00eancia Bem-vindo \u00e0 nossa p\u00e1gina de Transpar\u00eancia no Reziviral. N\u00f3s valorizamos a confian\u00e7a que voc\u00ea deposita em n\u00f3s ao buscar informa\u00e7\u00f5es financeiras e recursos para melhorar sua sa\u00fade financeira. Esta p\u00e1gina foi criada para compartilhar informa\u00e7\u00f5es sobre como operamos, garantindo que nossos leitores tenham uma experi\u00eancia confi\u00e1vel e informada em nosso site. Origem dos Artigos [&hellip;]<\/p>\n","protected":false},"author":1,"featured_media":0,"parent":0,"menu_order":0,"comment_status":"closed","ping_status":"closed","template":"","meta":{"footnotes":""},"class_list":["post-2211","page","type-page","status-publish","hentry"],"_links":{"self":[{"href":"https:\/\/reziviral.xyz\/en\/wp-json\/wp\/v2\/pages\/2211","targetHints":{"allow":["GET"]}}],"collection":[{"href":"https:\/\/reziviral.xyz\/en\/wp-json\/wp\/v2\/pages"}],"about":[{"href":"https:\/\/reziviral.xyz\/en\/wp-json\/wp\/v2\/types\/page"}],"author":[{"embeddable":true,"href":"https:\/\/reziviral.xyz\/en\/wp-json\/wp\/v2\/users\/1"}],"replies":[{"embeddable":true,"href":"https:\/\/reziviral.xyz\/en\/wp-json\/wp\/v2\/comments?post=2211"}],"version-history":[{"count":10,"href":"https:\/\/reziviral.xyz\/en\/wp-json\/wp\/v2\/pages\/2211\/revisions"}],"predecessor-version":[{"id":3229,"href":"https:\/\/reziviral.xyz\/en\/wp-json\/wp\/v2\/pages\/2211\/revisions\/3229"}],"wp:attachment":[{"href":"https:\/\/reziviral.xyz\/en\/wp-json\/wp\/v2\/media?parent=2211"}],"curies":[{"name":"wp","href":"https:\/\/api.w.org\/{rel}","templated":true}]}}