{"id":3233,"date":"2025-04-28T15:54:51","date_gmt":"2025-04-28T15:54:51","guid":{"rendered":"https:\/\/reziviral.xyz\/?page_id=3233"},"modified":"2026-04-02T12:12:39","modified_gmt":"2026-04-02T12:12:39","slug":"privacy-policies","status":"publish","type":"page","link":"https:\/\/reziviral.xyz\/en\/privacy-policies\/","title":{"rendered":"Politicas de Privacidade"},"content":{"rendered":"<html><body><h2><span style=\"color: rgb(68, 68, 68);\">Privacy Policy<\/span><\/h2><p><span style=\"color: rgb(68, 68, 68);\">Your privacy is important to us. It is the policy of Reziviral to respect your privacy in relation to any information from you that we may collect on site <a href=\"https:\/\/reziviral.xyz\/en\/\">Reziviral<\/a>, and other sites that we can and operate.<\/span><\/p><p><span style=\"color: rgb(68, 68, 68);\">We request information only when we really specify the details to provide a service. Let&#039;s do it by meios justos and legais, with your knowledge and consent. We also inform you why we are choosing it and how it will be used.<\/span><\/p><p><span style=\"color: rgb(68, 68, 68);\">We will only receive the information received as long as necessary to provide the requested service. When we arm the data, we protect ourselves in our commercially safe ways to avoid loss and damage, as well as unauthorized access, disclosure, copying, use or modification.<\/span><\/p><p><span style=\"color: rgb(68, 68, 68);\">We do not share identification information publicly or with third parties, except when requested by you.<\/span><\/p><p><span style=\"color: rgb(68, 68, 68);\">Our site may contain links to external sites that are not operated by us. Please note that we do not fear control over the content and practices of these sites and we cannot accept responsibility for their respective ones\u00a0<\/span><a href=\"https:\/\/politicaprivacidade.com\/\" rel=\"noopener noreferrer\" target=\"_blank\" style=\"background-color: transparent; color: rgb(68, 68, 68);\">pol\u00edticas de privacidade<\/a><span style=\"color: rgb(68, 68, 68);\">.<\/span><\/p><p><span style=\"color: rgb(68, 68, 68);\">This article is written to refuse our request for personal information, understanding that sometimes we cannot provide you with some of the services you desire.<\/span><\/p><p><span style=\"color: rgb(68, 68, 68);\">Continued use of our site will be considered as acceptance of our practices regarding privacy and personal information. If you have any doubts about how we provide user information and information, please contact us.<\/span><\/p><p><span style=\"color: rgb(68, 68, 68);\"><ul><li><span style=\"color: rgb(68, 68, 68);\">The Google AdSense service that we use for veicular advertising uses a DoubleClick cookie to veicular more relevant ads throughout the Web and limits the number of times that a specific ad is displayed per voice.<\/span><\/li><li><span style=\"color: rgb(68, 68, 68);\">For more information about Google AdSense, please consult the official FAQs about privacy of Google AdSense.<\/span><\/li><li><span style=\"color: rgb(68, 68, 68);\">We use these announcements to compensate the costs of operating this site and provide financing for future developments. The behavioral publicity cookies used on this site are designed to ensure that you are provided with the most relevant adverts as often as possible, anonymously tracking down your interests and presenting relevant information that may be of interest to you.<\/span><\/li><li><span style=\"color: rgb(68, 68, 68);\">Various parties announce in our name and affiliate tracking cookies simply allow us to see if our customers access the site through one of our parcels&#039; sites, so that we can credit them adequately and, when applying, allow our affiliated parties We offer any promotion that can be provided to make a purchase.<\/span><\/li><\/ul><p><br><\/p><\/span><\/p><h3><span style=\"color: rgb(68, 68, 68);\">Compromisso do Usu\u00e1rio<\/span><\/h3><p><span style=\"color: rgb(68, 68, 68);\">The user agrees to make adequate use of the contents and information that the Reziviral offers on the site and in an enunciative manner, but not in a restrictive manner:<\/span><\/p><ul><li><span style=\"color: rgb(68, 68, 68);\">A) Do not engage in activities that are linked or contrary to the public order;<\/span><\/li><li><span style=\"color: rgb(68, 68, 68);\">B) Do not spread propaganda or content of racist, xenophobic nature, games of fate or azar, any type of illegal pornography, apology for terrorism or against human rights;<\/span><\/li><li><span style=\"color: rgb(68, 68, 68);\">C) Do not cause damage to the physical (hardware) and logical (software) systems of Reziviral, on your or third party equipment, to introduce or disseminate computer viruses or any other hardware or software systems that are capable of causing damage to the previously mentioned.<\/span><\/li><\/ul><h3><span style=\"color: rgb(68, 68, 68);\">Mais informa\u00e7\u00f5es<\/span><\/h3><p><span style=\"color: rgb(68, 68, 68);\">Let&#039;s hope that this is clear and, as mentioned above, if you find something that you are not sure is precise or not, generally it is always safe to delete the activated cookies, in this case it interacts with one of the courses that you use on our site.<\/span><\/p><p><span style=\"color: rgb(68, 68, 68);\">This policy is effective from 25 April 2025 12:11 pm<\/span><\/p>\n<\/body><\/html>","protected":false},"excerpt":{"rendered":"<p>Pol\u00edtica Privacidade A sua privacidade \u00e9 importante para n\u00f3s. \u00c9 pol\u00edtica do Reziviral respeitar a sua privacidade em rela\u00e7\u00e3o a qualquer informa\u00e7\u00e3o sua que possamos coletar no site Reziviral, e outros sites que possu\u00edmos e operamos. Solicitamos informa\u00e7\u00f5es pessoais apenas quando realmente precisamos delas para lhe fornecer um servi\u00e7o. Fazemo-lo por meios justos e legais, [&hellip;]<\/p>\n","protected":false},"author":1,"featured_media":0,"parent":0,"menu_order":0,"comment_status":"closed","ping_status":"closed","template":"","meta":{"footnotes":""},"class_list":["post-3233","page","type-page","status-publish","hentry"],"_links":{"self":[{"href":"https:\/\/reziviral.xyz\/en\/wp-json\/wp\/v2\/pages\/3233","targetHints":{"allow":["GET"]}}],"collection":[{"href":"https:\/\/reziviral.xyz\/en\/wp-json\/wp\/v2\/pages"}],"about":[{"href":"https:\/\/reziviral.xyz\/en\/wp-json\/wp\/v2\/types\/page"}],"author":[{"embeddable":true,"href":"https:\/\/reziviral.xyz\/en\/wp-json\/wp\/v2\/users\/1"}],"replies":[{"embeddable":true,"href":"https:\/\/reziviral.xyz\/en\/wp-json\/wp\/v2\/comments?post=3233"}],"version-history":[{"count":2,"href":"https:\/\/reziviral.xyz\/en\/wp-json\/wp\/v2\/pages\/3233\/revisions"}],"predecessor-version":[{"id":3627,"href":"https:\/\/reziviral.xyz\/en\/wp-json\/wp\/v2\/pages\/3233\/revisions\/3627"}],"wp:attachment":[{"href":"https:\/\/reziviral.xyz\/en\/wp-json\/wp\/v2\/media?parent=3233"}],"curies":[{"name":"wp","href":"https:\/\/api.w.org\/{rel}","templated":true}]}}