{"id":1120,"date":"2023-04-14T15:05:28","date_gmt":"2023-04-14T15:05:28","guid":{"rendered":"https:\/\/reziviral.xyz\/?page_id=1120"},"modified":"2026-04-02T12:25:25","modified_gmt":"2026-04-02T12:25:25","slug":"termo-de-uso","status":"publish","type":"page","link":"https:\/\/reziviral.xyz\/es\/termo-de-uso\/","title":{"rendered":"Termos de Uso"},"content":{"rendered":"<html><body><h2><span style=\"color: rgb(68, 68, 68);\">1. Termo<\/span><\/h2><p><span style=\"color: rgb(68, 68, 68);\">Ao acessar ao site <a href=\"https:\/\/reziviral.xyz\/es\/\">Reziviral<\/a>, Al acceder a este sitio web, usted acepta cumplir con estos t\u00e9rminos de servicio, los cuales le son aplicables, as\u00ed como con la normativa vigente. Asimismo, reconoce que es su responsabilidad asegurarse de cumplir con todas las condiciones que le incumben. Si no est\u00e1 de acuerdo con alguno de estos t\u00e9rminos, tiene prohibido usar o acceder a este sitio. El material contenido en este sitio est\u00e1 protegido por las licencias de las marcas comerciales y automotrices correspondientes.<\/span><\/p><h2><span style=\"color: rgb(68, 68, 68);\">2. Uso de la licencia<\/span><\/h2><p><span style=\"color: rgb(68, 68, 68);\">Se concede permiso para almacenar temporalmente una copia de los materiales (informaci\u00f3n o software) en el sitio web de Reziviral, excepto para visualizaci\u00f3n personal y no comercial durante el tr\u00e1nsito. Esta licencia se otorga sin transferencia de propiedad y, bajo esta licencia, usted no puede:\u00a0<\/span><\/p><ol><li><span style=\"color: rgb(68, 68, 68);\">modificar o copiar materiales;\u00a0<\/span><\/li><li><span style=\"color: rgb(68, 68, 68);\">utilizar los materiales para cualquier fin comercial o para su exhibici\u00f3n p\u00fablica (comercial o no comercial);\u00a0<\/span><\/li><li><span style=\"color: rgb(68, 68, 68);\">Intentar descompilar o aplicar ingenier\u00eda inversa a cualquier software relacionado en el sitio de Reziviral;\u00a0<\/span><\/li><li><span style=\"color: rgb(68, 68, 68);\">Retire cualquier indicaci\u00f3n del veh\u00edculo u otras notas sobre la propiedad del material; o\u00a0<\/span><\/li><li><span style=\"color: rgb(68, 68, 68);\">transferir los materiales a otra persona o &#039;expulsar&#039; los materiales a cualquier otro proveedor de servicios.<\/span><\/li><\/ol><p><span style=\"color: rgb(68, 68, 68);\">Esta licencia se dar\u00e1 por terminada autom\u00e1ticamente si usted infringe cualquiera de estas restricciones y Reziviral podr\u00e1 darla por terminada en cualquier momento. Antes de ver los materiales que obran en su poder, ya sea en formato electr\u00f3nico o impreso.<\/span><\/p><h2><span style=\"color: rgb(68, 68, 68);\">3. Asignaci\u00f3n de responsabilidad<\/span><\/h2><ol><li><span style=\"color: rgb(68, 68, 68);\">Los materiales no proporcionados por Reziviral se suministran \u2018tal cual\u2019. Reziviral no ofrece garant\u00edas, ni expresas ni impl\u00edcitas, y, por este motivo, otorga y niega todas las dem\u00e1s garant\u00edas, incluidas, entre otras, las garant\u00edas o condiciones impl\u00edcitas de venta, la idoneidad para un producto espec\u00edfico o la no infracci\u00f3n de la propiedad intelectual u otros derechos.<\/span><\/li><li><span style=\"color: rgb(68, 68, 68);\">Sin embargo, Reziviral no garantiza que ninguna declaraci\u00f3n relacionada con la exactitud, los resultados ser\u00e1n probados o confirmados por el uso de los materiales en este sitio o en cualquier otra forma relacionada con estos materiales o en sitios vinculados a este sitio.<\/span><\/li><\/ol><h2><span style=\"color: rgb(68, 68, 68);\">4. Limitaciones<\/span><\/h2><p><span style=\"color: rgb(68, 68, 68);\">En ning\u00fan caso Reziviral ni ning\u00fan proveedor ser\u00e1n responsables de ning\u00fan da\u00f1o (incluidos, entre otros, los da\u00f1os por p\u00e9rdida de datos o beneficios, o por interrupci\u00f3n del negocio) derivados del uso actual o de la imposibilidad de usar los materiales de Reziviral, incluso si Reziviral o un representante autorizado por Reziviral son notificados verbalmente o por escrito, cuando sea posible. Dado que algunas normativas legales no permiten limitaciones en las garant\u00edas impl\u00edcitas ni en la responsabilidad por da\u00f1os consecuenciales o accidentales, es posible que estas limitaciones no se apliquen espec\u00edficamente.<\/span><\/p><h2><span style=\"color: rgb(68, 68, 68);\">5. Precis\u00e3o dos materiais<\/span><\/h2><p><span style=\"color: rgb(68, 68, 68);\">El material publicado en el sitio web de Reziviral puede contener errores t\u00e9cnicos, tipogr\u00e1ficos o fotogr\u00e1ficos. Reziviral no garantiza la exactitud, integridad ni actualidad del material publicado en su sitio. Reziviral puede modificar el material en cualquier momento y sin previo aviso. Sin embargo, Reziviral se compromete a mantenerlo actualizado.<\/span><\/p><h2><span style=\"color: rgb(68, 68, 68);\">6. Enlaces<\/span><\/h2><p><span style=\"color: rgb(68, 68, 68);\">Reziviral no analiza todos los sitios web enlazados desde su p\u00e1gina y no se responsabiliza del contenido de dichos sitios. La inclusi\u00f3n de cualquier enlace no implica la aprobaci\u00f3n del sitio enlazado. El uso de cualquier sitio enlazado corre a cargo del usuario.<\/span><\/p><p><br><\/p><h3><span style=\"color: rgb(68, 68, 68);\">Modificaciones<\/span><\/h3><p><span style=\"color: rgb(68, 68, 68);\">Reziviral se reserva el derecho de revisar estos t\u00e9rminos de servicio en cualquier momento, sin previo aviso. Al usar este sitio, usted acepta regirse por los t\u00e9rminos de servicio vigentes.<\/span><\/p><h3><span style=\"color: rgb(68, 68, 68);\">Lei aplic\u00e1vel<\/span><\/h3><p><span style=\"color: rgb(68, 68, 68);\">Estos t\u00e9rminos y condiciones se rigen e interpretan de conformidad con las leyes de Brasil y se someten irrevocablemente a la jurisdicci\u00f3n exclusiva de los tribunales nacionales, estatales o locales.<\/span><\/p>\n<\/body><\/html>","protected":false},"excerpt":{"rendered":"<p>1. Termos Ao acessar ao site Reziviral, concorda em cumprir estes termos de servi\u00e7o, todas as leis e regulamentos aplic\u00e1veis \u200b\u200be concorda que \u00e9 respons\u00e1vel pelo cumprimento de todas as leis locais aplic\u00e1veis. Se voc\u00ea n\u00e3o concordar com algum desses termos, est\u00e1 proibido de usar ou acessar este site. Os materiais contidos neste site s\u00e3o [&hellip;]<\/p>\n","protected":false},"author":1,"featured_media":0,"parent":0,"menu_order":0,"comment_status":"closed","ping_status":"closed","template":"","meta":{"footnotes":""},"class_list":["post-1120","page","type-page","status-publish","hentry"],"_links":{"self":[{"href":"https:\/\/reziviral.xyz\/es\/wp-json\/wp\/v2\/pages\/1120","targetHints":{"allow":["GET"]}}],"collection":[{"href":"https:\/\/reziviral.xyz\/es\/wp-json\/wp\/v2\/pages"}],"about":[{"href":"https:\/\/reziviral.xyz\/es\/wp-json\/wp\/v2\/types\/page"}],"author":[{"embeddable":true,"href":"https:\/\/reziviral.xyz\/es\/wp-json\/wp\/v2\/users\/1"}],"replies":[{"embeddable":true,"href":"https:\/\/reziviral.xyz\/es\/wp-json\/wp\/v2\/comments?post=1120"}],"version-history":[{"count":4,"href":"https:\/\/reziviral.xyz\/es\/wp-json\/wp\/v2\/pages\/1120\/revisions"}],"predecessor-version":[{"id":3635,"href":"https:\/\/reziviral.xyz\/es\/wp-json\/wp\/v2\/pages\/1120\/revisions\/3635"}],"wp:attachment":[{"href":"https:\/\/reziviral.xyz\/es\/wp-json\/wp\/v2\/media?parent=1120"}],"curies":[{"name":"wp","href":"https:\/\/api.w.org\/{rel}","templated":true}]}}