{"id":2211,"date":"2023-08-05T00:45:30","date_gmt":"2023-08-05T00:45:30","guid":{"rendered":"https:\/\/reziviral.xyz\/?page_id=2211"},"modified":"2025-04-28T15:52:38","modified_gmt":"2025-04-28T15:52:38","slug":"transparencia","status":"publish","type":"page","link":"https:\/\/reziviral.xyz\/es\/transparencia\/","title":{"rendered":"Transparencia"},"content":{"rendered":"<html><body><h1 class=\"wp-block-heading\">Transparencia<\/h1>\n\n\n\n<p>Nos vemos en nuestra p\u00e1gina de Transparencia. <strong>Reziviral<\/strong>. Valoramos la confianza que deposita en nosotros al solicitar informaci\u00f3n y recursos financieros para mejorar su situaci\u00f3n econ\u00f3mica. Esta p\u00e1gina se cre\u00f3 para explicarle c\u00f3mo trabajamos y garantizar que nuestros lectores tengan una experiencia informada y segura en nuestro sitio web.<\/p>\n\n\n\n<h2 class=\"wp-block-heading\">Origem dos Artigos<\/h2>\n\n\n\n<p>Nuestros expertos son creados por un equipo de especialistas en finanzas y econom\u00eda, bas\u00e1ndose en una investigaci\u00f3n rigurosa y un an\u00e1lisis exhaustivo. Nos esforzamos por obtener informaci\u00f3n actualizada y precisa sobre temas financieros importantes, desde la planificaci\u00f3n financiera hasta las inversiones y la educaci\u00f3n financiera.<\/p>\n\n\n\n<h2 class=\"wp-block-heading\">Fuente de las im\u00e1genes<\/h2>\n\n\n\n<p>Las im\u00e1genes que utilizamos en nuestros proyectos provienen de diversas fuentes, incluyendo bancos de im\u00e1genes con licencia comercial y creaciones originales. Cuando es necesario, garantizamos el reconocimiento \u00edntegro de los titulares de los derechos de las im\u00e1genes. Nuestro objetivo es enriquecer la experiencia de lectura con elementos visuales relevantes e informativos.<\/p>\n\n\n\n<h2 class=\"wp-block-heading\">Comentarios y participaci\u00f3n de los lectores<\/h2>\n\n\n\n<p>Valoramos la participaci\u00f3n de la comunidad y nuestras ideas constructivas. Animamos a nuestros lectores a compartir sus opiniones y experiencias en los comentarios de nuestras publicaciones. Nuestros moderadores supervisan los comentarios para garantizar un entorno respetuoso e informativo para todos.<\/p>\n\n\n\n<h2 class=\"wp-block-heading\">Afiliados y publicidad<\/h2>\n\n\n\n<p>Para mantener la calidad de nuestra cuenta y ofrecer devoluciones gratuitas a nuestros lectores, participamos en programas de afiliados y los mostramos p\u00fablicamente en nuestro sitio web. Cuando los lectores hacen clic en enlaces o anuncios de afiliados, podemos recibir una notificaci\u00f3n. Sin embargo, cabe destacar que todas las recomendaciones de productos y servicios se basan en su relevancia y utilidad, y no \u00fanicamente en motivos econ\u00f3micos.<\/p>\n\n\n\n<h2 class=\"wp-block-heading\">pol\u00edtica de privacidad<\/h2>\n\n\n\n<p>Proteger su privacidad y la de sus seres queridos es una de nuestras prioridades. Para comprender c\u00f3mo recopilamos, usamos y protegemos su informaci\u00f3n, consulte nuestra Pol\u00edtica de Privacidad.<\/p>\n\n\n\n<h2 class=\"wp-block-heading\">Nuestro compromiso<\/h2>\n\n\n\n<p>No <strong><strong>Reziviral<\/strong><\/strong>, Nuestro compromiso es brindar informaci\u00f3n financiera confidencial, relevante y accesible. Mantenemos un alto nivel de \u00e9tica y calidad en todos los aspectos de nuestro sitio web, para que usted pueda tomar decisiones financieras informadas y acertadas.<\/p>\n\n\n\n<p>Si tiene alguna duda, comentario o inquietud relacionada con la transparencia o cualquier otro aspecto de <strong><strong>Reziviral<\/strong><\/strong>, Durante el contacto, me familiaric\u00e9 con nuestro formulario de contacto. Le invitamos a unirse a nuestra comunidad financiera y a confiar en nosotros para sus necesidades financieras.<\/p>\n<\/body><\/html>","protected":false},"excerpt":{"rendered":"<p>Transpar\u00eancia Bem-vindo \u00e0 nossa p\u00e1gina de Transpar\u00eancia no Reziviral. N\u00f3s valorizamos a confian\u00e7a que voc\u00ea deposita em n\u00f3s ao buscar informa\u00e7\u00f5es financeiras e recursos para melhorar sua sa\u00fade financeira. Esta p\u00e1gina foi criada para compartilhar informa\u00e7\u00f5es sobre como operamos, garantindo que nossos leitores tenham uma experi\u00eancia confi\u00e1vel e informada em nosso site. Origem dos Artigos [&hellip;]<\/p>\n","protected":false},"author":1,"featured_media":0,"parent":0,"menu_order":0,"comment_status":"closed","ping_status":"closed","template":"","meta":{"footnotes":""},"class_list":["post-2211","page","type-page","status-publish","hentry"],"_links":{"self":[{"href":"https:\/\/reziviral.xyz\/es\/wp-json\/wp\/v2\/pages\/2211","targetHints":{"allow":["GET"]}}],"collection":[{"href":"https:\/\/reziviral.xyz\/es\/wp-json\/wp\/v2\/pages"}],"about":[{"href":"https:\/\/reziviral.xyz\/es\/wp-json\/wp\/v2\/types\/page"}],"author":[{"embeddable":true,"href":"https:\/\/reziviral.xyz\/es\/wp-json\/wp\/v2\/users\/1"}],"replies":[{"embeddable":true,"href":"https:\/\/reziviral.xyz\/es\/wp-json\/wp\/v2\/comments?post=2211"}],"version-history":[{"count":10,"href":"https:\/\/reziviral.xyz\/es\/wp-json\/wp\/v2\/pages\/2211\/revisions"}],"predecessor-version":[{"id":3229,"href":"https:\/\/reziviral.xyz\/es\/wp-json\/wp\/v2\/pages\/2211\/revisions\/3229"}],"wp:attachment":[{"href":"https:\/\/reziviral.xyz\/es\/wp-json\/wp\/v2\/media?parent=2211"}],"curies":[{"name":"wp","href":"https:\/\/api.w.org\/{rel}","templated":true}]}}