{"id":3233,"date":"2025-04-28T15:54:51","date_gmt":"2025-04-28T15:54:51","guid":{"rendered":"https:\/\/reziviral.xyz\/?page_id=3233"},"modified":"2026-04-02T12:12:39","modified_gmt":"2026-04-02T12:12:39","slug":"politicas-de-privacidad","status":"publish","type":"page","link":"https:\/\/reziviral.xyz\/es\/politicas-de-privacidad\/","title":{"rendered":"Pol\u00edticas de privacidad"},"content":{"rendered":"<html><body><h2><span style=\"color: rgb(68, 68, 68);\">pol\u00edtica de privacidad<\/span><\/h2><p><span style=\"color: rgb(68, 68, 68);\">Su privacidad es importante para nosotros. La pol\u00edtica de Reziviral es respetar su privacidad en relaci\u00f3n con cualquier informaci\u00f3n suya que podamos recopilar en el sitio web. <a href=\"https:\/\/reziviral.xyz\/es\/\">Reziviral<\/a>, y otros sitios que podemos operar.<\/span><\/p><p><span style=\"color: rgb(68, 68, 68);\">Solo solicitamos informaci\u00f3n cuando es estrictamente necesario para prestarle un servicio. Lo hacemos por medios justos y legales, con su conocimiento y consentimiento. Asimismo, le informamos sobre los motivos de nuestra solicitud y c\u00f3mo la utilizaremos.<\/span><\/p><p><span style=\"color: rgb(68, 68, 68);\">Solo conservaremos la informaci\u00f3n recibida durante el tiempo necesario para prestar el servicio solicitado. Al gestionar los datos, nos protegemos mediante medidas de seguridad comercial para evitar p\u00e9rdidas, da\u00f1os, accesos no autorizados, divulgaci\u00f3n, copia, uso o modificaci\u00f3n.<\/span><\/p><p><span style=\"color: rgb(68, 68, 68);\">No compartimos informaci\u00f3n de identificaci\u00f3n p\u00fablicamente ni con terceros, excepto cuando usted lo solicite.<\/span><\/p><p><span style=\"color: rgb(68, 68, 68);\">O nosso site pode ter links para sites externos que n\u00e3o s\u00e3o operados por n\u00f3s. Esteja ciente de que n\u00e3o temos controle sobre o conte\u00fado e pr\u00e1ticas desses sites e n\u00e3o podemos aceitar responsabilidade por suas respectivas\u00a0<\/span><a href=\"https:\/\/politicaprivacidade.com\/\" rel=\"noopener noreferrer\" target=\"_blank\" style=\"background-color: transparent; color: rgb(68, 68, 68);\">pol\u00edticas de privacidade<\/a><span style=\"color: rgb(68, 68, 68);\">.<\/span><\/p><p><span style=\"color: rgb(68, 68, 68);\">Este art\u00edculo se redacta para rechazar nuestra solicitud de informaci\u00f3n personal, entendiendo que en ocasiones no podemos proporcionarle algunos de los servicios que desea.<\/span><\/p><p><span style=\"color: rgb(68, 68, 68);\">El uso continuado de nuestro sitio web implica la aceptaci\u00f3n de nuestras pr\u00e1cticas en materia de privacidad y protecci\u00f3n de datos personales. Si tiene alguna duda sobre c\u00f3mo gestionamos la informaci\u00f3n de los usuarios, p\u00f3ngase en contacto con nosotros.<\/span><\/p><p><span style=\"color: rgb(68, 68, 68);\"><ul><li><span style=\"color: rgb(68, 68, 68);\">El servicio Google AdSense que utilizamos para la publicidad vehicular usa una cookie de DoubleClick para mostrar anuncios m\u00e1s relevantes en toda la web y limita el n\u00famero de veces que se muestra un anuncio espec\u00edfico por usuario.<\/span><\/li><li><span style=\"color: rgb(68, 68, 68);\">Para obtener m\u00e1s informaci\u00f3n sobre Google AdSense, consulte las preguntas frecuentes oficiales sobre la privacidad de Google AdSense.<\/span><\/li><li><span style=\"color: rgb(68, 68, 68);\">Utilizamos estos anuncios para compensar los gastos de funcionamiento de este sitio web y financiar futuros desarrollos. Las cookies de publicidad comportamental que utilizamos est\u00e1n dise\u00f1adas para mostrarle los anuncios m\u00e1s relevantes con la mayor frecuencia posible, rastreando de forma an\u00f3nima sus intereses y present\u00e1ndole informaci\u00f3n que pueda ser de su inter\u00e9s.<\/span><\/li><li><span style=\"color: rgb(68, 68, 68);\">Diversas partes anuncian en nuestro nombre y las cookies de seguimiento de afiliados simplemente nos permiten ver si nuestros clientes acceden al sitio a trav\u00e9s de uno de los sitios de nuestros paquetes, para que podamos acreditarles adecuadamente y, al aplicar, permitir que nuestras partes afiliadas ofrezcan cualquier promoci\u00f3n que se pueda proporcionar para realizar una compra.<\/span><\/li><\/ul><p><br><\/p><\/span><\/p><h3><span style=\"color: rgb(68, 68, 68);\">Compromisso do Usu\u00e1rio<\/span><\/h3><p><span style=\"color: rgb(68, 68, 68);\">O usu\u00e1rio se compromete a fazer uso adequado dos conte\u00fados e da informa\u00e7\u00e3o que o Reziviral oferece no site e com car\u00e1ter enunciativo, mas n\u00e3o limitativo:<\/span><\/p><ul><li><span style=\"color: rgb(68, 68, 68);\">A) No participe en actividades que est\u00e9n vinculadas o sean contrarias al orden p\u00fablico;<\/span><\/li><li><span style=\"color: rgb(68, 68, 68);\">B) No difundir propaganda ni contenido de car\u00e1cter racista o xen\u00f3fobo, juegos de azar o de azar, ning\u00fan tipo de pornograf\u00eda ilegal, apolog\u00eda del terrorismo o contrario a los derechos humanos;<\/span><\/li><li><span style=\"color: rgb(68, 68, 68);\">C) N\u00e3o causar danos aos sistemas f\u00edsicos (hardwares) e l\u00f3gicos (softwares) do Reziviral, de seus fornecedores ou terceiros, para introduzir ou disseminar v\u00edrus inform\u00e1ticos ou quaisquer outros sistemas de hardware ou software que sejam capazes de causar danos anteriormente mencionados.<\/span><\/li><\/ul><h3><span style=\"color: rgb(68, 68, 68);\">Mais informa\u00e7\u00f5es<\/span><\/h3><p><span style=\"color: rgb(68, 68, 68);\">Esperemos que esto quede claro y, como se mencion\u00f3 anteriormente, si encuentra algo cuya precisi\u00f3n le genere dudas, generalmente siempre es seguro eliminar las cookies activadas; en este caso, interact\u00faa con uno de los cursos que utiliza en nuestro sitio.<\/span><\/p><p><span style=\"color: rgb(68, 68, 68);\">Esta pol\u00edtica \u00e9 efetiva a partir de\u00a025 April 2025 12:11<\/span><\/p>\n<\/body><\/html>","protected":false},"excerpt":{"rendered":"<p>Pol\u00edtica Privacidade A sua privacidade \u00e9 importante para n\u00f3s. \u00c9 pol\u00edtica do Reziviral respeitar a sua privacidade em rela\u00e7\u00e3o a qualquer informa\u00e7\u00e3o sua que possamos coletar no site Reziviral, e outros sites que possu\u00edmos e operamos. Solicitamos informa\u00e7\u00f5es pessoais apenas quando realmente precisamos delas para lhe fornecer um servi\u00e7o. Fazemo-lo por meios justos e legais, [&hellip;]<\/p>\n","protected":false},"author":1,"featured_media":0,"parent":0,"menu_order":0,"comment_status":"closed","ping_status":"closed","template":"","meta":{"footnotes":""},"class_list":["post-3233","page","type-page","status-publish","hentry"],"_links":{"self":[{"href":"https:\/\/reziviral.xyz\/es\/wp-json\/wp\/v2\/pages\/3233","targetHints":{"allow":["GET"]}}],"collection":[{"href":"https:\/\/reziviral.xyz\/es\/wp-json\/wp\/v2\/pages"}],"about":[{"href":"https:\/\/reziviral.xyz\/es\/wp-json\/wp\/v2\/types\/page"}],"author":[{"embeddable":true,"href":"https:\/\/reziviral.xyz\/es\/wp-json\/wp\/v2\/users\/1"}],"replies":[{"embeddable":true,"href":"https:\/\/reziviral.xyz\/es\/wp-json\/wp\/v2\/comments?post=3233"}],"version-history":[{"count":2,"href":"https:\/\/reziviral.xyz\/es\/wp-json\/wp\/v2\/pages\/3233\/revisions"}],"predecessor-version":[{"id":3627,"href":"https:\/\/reziviral.xyz\/es\/wp-json\/wp\/v2\/pages\/3233\/revisions\/3627"}],"wp:attachment":[{"href":"https:\/\/reziviral.xyz\/es\/wp-json\/wp\/v2\/media?parent=3233"}],"curies":[{"name":"wp","href":"https:\/\/api.w.org\/{rel}","templated":true}]}}