{"id":1120,"date":"2023-04-14T15:05:28","date_gmt":"2023-04-14T15:05:28","guid":{"rendered":"https:\/\/reziviral.xyz\/?page_id=1120"},"modified":"2026-04-02T12:25:25","modified_gmt":"2026-04-02T12:25:25","slug":"garrafa-termica-de-uso","status":"publish","type":"page","link":"https:\/\/reziviral.xyz\/pt\/garrafa-termica-de-uso\/","title":{"rendered":"individual de Uso"},"content":{"rendered":"<html><body><h2><span style=\"color: rgb(68, 68, 68);\">1. Garrafa t\u00e9rmica<\/span><\/h2><p><span style=\"color: rgb(68, 68, 68);\">Ao acessar ao site <a href=\"https:\/\/reziviral.xyz\/pt\/\">Reziviral<\/a>, Ao utilizar este site, voc\u00ea concorda em cumprir estes termos de servi\u00e7o, os quais se aplicam integralmente a voc\u00ea, bem como os regulamentos vigentes, e reconhece que \u00e9 sua responsabilidade estar ciente de todas as quest\u00f5es que lhe dizem respeito. Caso n\u00e3o concorde com algum destes termos, voc\u00ea est\u00e1 proibido de usar ou acessar este site. Os materiais contidos neste site s\u00e3o protegidos pelas marcas automotivas e comerciais aplic\u00e1veis.<\/span><\/p><h2><span style=\"color: rgb(68, 68, 68);\">2. Utiliza\u00e7\u00e3o da Licen\u00e7a<\/span><\/h2><p><span style=\"color: rgb(68, 68, 68);\">\u00c9 concedida permiss\u00e3o para armazenar temporariamente uma c\u00f3pia dos materiais (informa\u00e7\u00f5es ou software) no site da Reziviral, exceto para visualiza\u00e7\u00e3o pessoal e n\u00e3o comercial. Esta licen\u00e7a \u00e9 concedida, n\u00e3o h\u00e1 transfer\u00eancia de propriedade e, sob esta licen\u00e7a, voc\u00ea n\u00e3o pode:\u00a0<\/span><\/p><ol><li><span style=\"color: rgb(68, 68, 68);\">modificar ou copiar materiais;\u00a0<\/span><\/li><li><span style=\"color: rgb(68, 68, 68);\">Utilizar os materiais para qualquer fim comercial ou para exibi\u00e7\u00e3o p\u00fablica (comercial ou n\u00e3o comercial);\u00a0<\/span><\/li><li><span style=\"color: rgb(68, 68, 68);\">tentar descompilar ou realizar engenharia reversa de qualquer software relacionado no site da Reziviral;\u00a0<\/span><\/li><li><span style=\"color: rgb(68, 68, 68);\">Remova quaisquer indica\u00e7\u00f5es sobre o ve\u00edculo ou outras anota\u00e7\u00f5es sobre bens materiais; ou\u00a0<\/span><\/li><li><span style=\"color: rgb(68, 68, 68);\">Transferir os materiais para outra pessoa ou &#039;expulsar&#039; os materiais para qualquer outro prestador de servi\u00e7os.<\/span><\/li><\/ol><p><span style=\"color: rgb(68, 68, 68);\">Esta licen\u00e7a ser\u00e1 automaticamente rescindida se voc\u00ea violar qualquer uma destas restri\u00e7\u00f5es e poder\u00e1 ser rescindida pela Reziviral a qualquer momento. Antes de visualizar os materiais que voc\u00ea possui, seja em formato eletr\u00f4nico ou impresso.<\/span><\/p><h2><span style=\"color: rgb(68, 68, 68);\">3. Atribui\u00e7\u00e3o de responsabilidade<\/span><\/h2><ol><li><span style=\"color: rgb(68, 68, 68);\">Os materiais n\u00e3o fornecidos pela Reziviral s\u00e3o disponibilizados &quot;tal como est\u00e3o&quot;. A Reziviral n\u00e3o oferece garantias, expressas ou impl\u00edcitas, e, por essa raz\u00e3o, concede e nega todas as outras garantias, incluindo, sem limita\u00e7\u00e3o, garantias impl\u00edcitas ou condi\u00e7\u00f5es de venda, adequa\u00e7\u00e3o a um produto espec\u00edfico ou n\u00e3o viola\u00e7\u00e3o de propriedade intelectual ou outros direitos.<\/span><\/li><li><span style=\"color: rgb(68, 68, 68);\">No entanto, a Reziviral n\u00e3o garante que qualquer afirma\u00e7\u00e3o relativa \u00e0 precis\u00e3o dos resultados ser\u00e1 testada ou confirmada pelo uso de materiais neste site ou em qualquer outra forma relacionada a esses materiais ou em sites vinculados a este site.<\/span><\/li><\/ol><h2><span style=\"color: rgb(68, 68, 68);\">4. Limita\u00e7\u00f5es<\/span><\/h2><p><span style=\"color: rgb(68, 68, 68);\">Em hip\u00f3tese alguma a Reziviral ou qualquer fornecedor ser\u00e1 respons\u00e1vel por quaisquer danos (incluindo, sem limita\u00e7\u00e3o, danos devido \u00e0 perda de dados ou lucros ou devido \u00e0 interrup\u00e7\u00e3o dos neg\u00f3cios) decorrentes do uso ou da impossibilidade de usar os materiais da Reziviral, mesmo que a Reziviral ou um representante autorizado pela Reziviral seja notificado verbalmente ou por escrito, quando poss\u00edvel. Como algumas normas legais n\u00e3o permitem limita\u00e7\u00f5es de garantias impl\u00edcitas ou limita\u00e7\u00f5es de responsabilidade por danos consequenciais ou acidentais, essas limita\u00e7\u00f5es podem n\u00e3o se aplicar especificamente.<\/span><\/p><h2><span style=\"color: rgb(68, 68, 68);\">5. Precis\u00e3o dos materiais<\/span><\/h2><p><span style=\"color: rgb(68, 68, 68);\">Os materiais exibidos no site da Reziviral podem conter erros t\u00e9cnicos, tipogr\u00e1ficos ou fotogr\u00e1ficos. A Reziviral n\u00e3o garante que qualquer material em seu site seja preciso, completo ou atualizado. A Reziviral pode fazer altera\u00e7\u00f5es em seus materiais atuais a qualquer momento, sem aviso pr\u00e9vio. No entanto, a Reziviral n\u00e3o abre m\u00e3o de manter os materiais atualizados.<\/span><\/p><h2><span style=\"color: rgb(68, 68, 68);\">6. Links<\/span><\/h2><p><span style=\"color: rgb(68, 68, 68);\">A Reziviral n\u00e3o analisa todos os sites vinculados ao seu site e n\u00e3o se responsabiliza pelo conte\u00fado de nenhum site vinculado. A inclus\u00e3o de qualquer link n\u00e3o implica endosso do site. O uso de qualquer site vinculado \u00e9 contabilizado e pago pelo usu\u00e1rio.<\/span><\/p><p><br><\/p><h3><span style=\"color: rgb(68, 68, 68);\">Modifica\u00e7\u00f5es<\/span><\/h3><p><span style=\"color: rgb(68, 68, 68);\">A Reziviral pode revisar estes termos de servi\u00e7o no site a qualquer momento, sem aviso pr\u00e9vio. Ao usar este site, voc\u00ea concorda em ficar vinculado aos termos de servi\u00e7o vigentes.<\/span><\/p><h3><span style=\"color: rgb(68, 68, 68);\">Lei aplic\u00e1vel<\/span><\/h3><p><span style=\"color: rgb(68, 68, 68);\">Os presentes termos e condi\u00e7\u00f5es s\u00e3o regidos e interpretados de acordo com as leis do Brasil e est\u00e3o irrevogavelmente submetidos \u00e0 jurisdi\u00e7\u00e3o exclusiva dos tribunais nacionais, estaduais ou locais.<\/span><\/p>\n<\/body><\/html>","protected":false},"excerpt":{"rendered":"<p>1. Termos Ao acessar ao site Reziviral, concorda em cumprir estes termos de servi\u00e7o, todas as leis e regulamentos aplic\u00e1veis \u200b\u200be concorda que \u00e9 respons\u00e1vel pelo cumprimento de todas as leis locais aplic\u00e1veis. Se voc\u00ea n\u00e3o concordar com algum desses termos, est\u00e1 proibido de usar ou acessar este site. Os materiais contidos neste site s\u00e3o [&hellip;]<\/p>\n","protected":false},"author":1,"featured_media":0,"parent":0,"menu_order":0,"comment_status":"closed","ping_status":"closed","template":"","meta":{"footnotes":""},"class_list":["post-1120","page","type-page","status-publish","hentry"],"_links":{"self":[{"href":"https:\/\/reziviral.xyz\/pt\/wp-json\/wp\/v2\/pages\/1120","targetHints":{"allow":["GET"]}}],"collection":[{"href":"https:\/\/reziviral.xyz\/pt\/wp-json\/wp\/v2\/pages"}],"about":[{"href":"https:\/\/reziviral.xyz\/pt\/wp-json\/wp\/v2\/types\/page"}],"author":[{"embeddable":true,"href":"https:\/\/reziviral.xyz\/pt\/wp-json\/wp\/v2\/users\/1"}],"replies":[{"embeddable":true,"href":"https:\/\/reziviral.xyz\/pt\/wp-json\/wp\/v2\/comments?post=1120"}],"version-history":[{"count":4,"href":"https:\/\/reziviral.xyz\/pt\/wp-json\/wp\/v2\/pages\/1120\/revisions"}],"predecessor-version":[{"id":3635,"href":"https:\/\/reziviral.xyz\/pt\/wp-json\/wp\/v2\/pages\/1120\/revisions\/3635"}],"wp:attachment":[{"href":"https:\/\/reziviral.xyz\/pt\/wp-json\/wp\/v2\/media?parent=1120"}],"curies":[{"name":"wp","href":"https:\/\/api.w.org\/{rel}","templated":true}]}}