{"id":2211,"date":"2023-08-05T00:45:30","date_gmt":"2023-08-05T00:45:30","guid":{"rendered":"https:\/\/reziviral.xyz\/?page_id=2211"},"modified":"2025-04-28T15:52:38","modified_gmt":"2025-04-28T15:52:38","slug":"transparencia","status":"publish","type":"page","link":"https:\/\/reziviral.xyz\/pt\/transparencia\/","title":{"rendered":"Transpar\u00eancia"},"content":{"rendered":"<html><body><h1 class=\"wp-block-heading\">Transpar\u00eancia<\/h1>\n\n\n\n<p>Nos vemos na nossa p\u00e1gina de Transpar\u00eancia! <strong>Reziviral<\/strong>. Valorizamos a confian\u00e7a que voc\u00ea deposita em n\u00f3s ao nos fornecer informa\u00e7\u00f5es e recursos financeiros para melhorar sua sa\u00fade financeira. Esta p\u00e1gina foi criada para compartilhar informa\u00e7\u00f5es sobre como trabalhamos, garantindo que nossos leitores tenham uma experi\u00eancia segura e bem informada em nosso site.<\/p>\n\n\n\n<h2 class=\"wp-block-heading\">Origem dos Artigos<\/h2>\n\n\n\n<p>Nossos produtos s\u00e3o elaborados por uma equipe de especialistas em finan\u00e7as e economia, com base em pesquisas rigorosas e an\u00e1lises aprofundadas. Buscamos obter informa\u00e7\u00f5es atuais e precisas sobre temas financeiros importantes, desde o planejamento financeiro at\u00e9 investimentos e educa\u00e7\u00e3o financeira.<\/p>\n\n\n\n<h2 class=\"wp-block-heading\">Fonte das Imagens<\/h2>\n\n\n\n<p>As imagens que utilizamos em nossos trabalhos prov\u00eam de diversas fontes, incluindo bancos de imagens com licen\u00e7a comercial e cria\u00e7\u00f5es originais. Quando necess\u00e1rio, garantimos que damos o devido cr\u00e9dito aos detentores dos direitos autorais das imagens. Nosso objetivo \u00e9 aprimorar a experi\u00eancia de leitura com elementos visuais relevantes e informativos.<\/p>\n\n\n\n<h2 class=\"wp-block-heading\">Coment\u00e1rios e participa\u00e7\u00e3o dos leitores<\/h2>\n\n\n\n<p>Valorizamos o engajamento da comunidade e nossas ideias construtivas. Encorajamos nossos leitores a compartilhar suas opini\u00f5es e experi\u00eancias nos coment\u00e1rios sobre nossos trabalhos. Nossos moderadores monitoram os coment\u00e1rios para garantir um ambiente respeitoso e informativo para todos.<\/p>\n\n\n\n<h2 class=\"wp-block-heading\">Afiliados e Publicidade<\/h2>\n\n\n\n<p>Para manter a qualidade do nosso conte\u00fado e oferecer conte\u00fado gratuito aos nossos leitores, participamos de programas de afiliados e os exibimos publicamente em nosso site. Quando os leitores clicam em links de afiliados ou an\u00fancios, podemos receber uma comiss\u00e3o. No entanto, ressaltamos que todas as recomenda\u00e7\u00f5es de produtos e servi\u00e7os s\u00e3o baseadas em sua relev\u00e2ncia e utilidade, e n\u00e3o apenas em raz\u00f5es financeiras.<\/p>\n\n\n\n<h2 class=\"wp-block-heading\">pol\u00edtica de Privacidade<\/h2>\n\n\n\n<p>Proteger a sua privacidade e a de nossos colaboradores \u00e9 uma de nossas prioridades. Para entender como coletamos, usamos e protegemos suas informa\u00e7\u00f5es, consulte nossa Pol\u00edtica de Privacidade.<\/p>\n\n\n\n<h2 class=\"wp-block-heading\">Nosso compromisso<\/h2>\n\n\n\n<p>N\u00e3o <strong><strong>Reziviral<\/strong><\/strong>, Nosso compromisso \u00e9 fornecer informa\u00e7\u00f5es financeiras confidenciais, relevantes e acess\u00edveis. Mantemos um alto padr\u00e3o de \u00e9tica e qualidade em todos os aspectos do nosso site, para que possamos tomar decis\u00f5es financeiras bem fundamentadas e abrangentes.<\/p>\n\n\n\n<p>Se voc\u00ea tiver d\u00favidas, coment\u00e1rios ou preocupa\u00e7\u00f5es relacionadas \u00e0 transpar\u00eancia ou a qualquer outro aspecto de <strong><strong>Reziviral<\/strong><\/strong>, Durante o contato, estou familiarizado com nosso formul\u00e1rio de contato. Convidamos voc\u00ea a se juntar \u00e0 nossa comunidade financeira e confiar em n\u00f3s para suas necessidades financeiras.<\/p>\n<\/body><\/html>","protected":false},"excerpt":{"rendered":"<p>Transpar\u00eancia Bem-vindo \u00e0 nossa p\u00e1gina de Transpar\u00eancia no Reziviral. N\u00f3s valorizamos a confian\u00e7a que voc\u00ea deposita em n\u00f3s ao buscar informa\u00e7\u00f5es financeiras e recursos para melhorar sua sa\u00fade financeira. Esta p\u00e1gina foi criada para compartilhar informa\u00e7\u00f5es sobre como operamos, garantindo que nossos leitores tenham uma experi\u00eancia confi\u00e1vel e informada em nosso site. Origem dos Artigos [&hellip;]<\/p>\n","protected":false},"author":1,"featured_media":0,"parent":0,"menu_order":0,"comment_status":"closed","ping_status":"closed","template":"","meta":{"footnotes":""},"class_list":["post-2211","page","type-page","status-publish","hentry"],"_links":{"self":[{"href":"https:\/\/reziviral.xyz\/pt\/wp-json\/wp\/v2\/pages\/2211","targetHints":{"allow":["GET"]}}],"collection":[{"href":"https:\/\/reziviral.xyz\/pt\/wp-json\/wp\/v2\/pages"}],"about":[{"href":"https:\/\/reziviral.xyz\/pt\/wp-json\/wp\/v2\/types\/page"}],"author":[{"embeddable":true,"href":"https:\/\/reziviral.xyz\/pt\/wp-json\/wp\/v2\/users\/1"}],"replies":[{"embeddable":true,"href":"https:\/\/reziviral.xyz\/pt\/wp-json\/wp\/v2\/comments?post=2211"}],"version-history":[{"count":10,"href":"https:\/\/reziviral.xyz\/pt\/wp-json\/wp\/v2\/pages\/2211\/revisions"}],"predecessor-version":[{"id":3229,"href":"https:\/\/reziviral.xyz\/pt\/wp-json\/wp\/v2\/pages\/2211\/revisions\/3229"}],"wp:attachment":[{"href":"https:\/\/reziviral.xyz\/pt\/wp-json\/wp\/v2\/media?parent=2211"}],"curies":[{"name":"wp","href":"https:\/\/api.w.org\/{rel}","templated":true}]}}