{"id":3233,"date":"2025-04-28T15:54:51","date_gmt":"2025-04-28T15:54:51","guid":{"rendered":"https:\/\/reziviral.xyz\/?page_id=3233"},"modified":"2026-04-02T12:12:39","modified_gmt":"2026-04-02T12:12:39","slug":"politicas-de-privacidade","status":"publish","type":"page","link":"https:\/\/reziviral.xyz\/pt\/politicas-de-privacidade\/","title":{"rendered":"Pol\u00edticas de Privacidade"},"content":{"rendered":"<html><body><h2><span style=\"color: rgb(68, 68, 68);\">pol\u00edtica de Privacidade<\/span><\/h2><p><span style=\"color: rgb(68, 68, 68);\">Sua privacidade \u00e9 importante para n\u00f3s. \u00c9 pol\u00edtica da Reziviral respeitar sua privacidade em rela\u00e7\u00e3o a qualquer informa\u00e7\u00e3o sua que possamos coletar no site. <a href=\"https:\/\/reziviral.xyz\/pt\/\">Reziviral<\/a>, e outros sites que podemos operar.<\/span><\/p><p><span style=\"color: rgb(68, 68, 68);\">Solicitamos informa\u00e7\u00f5es apenas quando realmente precisamos dos detalhes para prestar um servi\u00e7o. Vamos fazer isso de forma justa e transparente, com seu conhecimento e consentimento. Tamb\u00e9m informamos o motivo da solicita\u00e7\u00e3o e como as informa\u00e7\u00f5es ser\u00e3o utilizadas.<\/span><\/p><p><span style=\"color: rgb(68, 68, 68);\">S\u00f3 coletaremos as informa\u00e7\u00f5es solicitadas pelo tempo necess\u00e1rio para prestar o servi\u00e7o requerido. Ao armazenarmos os dados, adotamos medidas de seguran\u00e7a comercial para evitar perdas, danos, acesso n\u00e3o autorizado, divulga\u00e7\u00e3o, c\u00f3pia, uso ou modifica\u00e7\u00e3o.<\/span><\/p><p><span style=\"color: rgb(68, 68, 68);\">N\u00e3o compartilhamos informa\u00e7\u00f5es de identifica\u00e7\u00e3o publicamente ou com terceiros, exceto quando solicitado por voc\u00ea.<\/span><\/p><p><span style=\"color: rgb(68, 68, 68);\">O nosso site pode ter links para sites externos que n\u00e3o s\u00e3o operados por n\u00f3s. Esteja ciente de que n\u00e3o temos controle sobre o conte\u00fado e pr\u00e1ticas desses sites e n\u00e3o podemos aceitar responsabilidade por suas respectivas\u00a0<\/span><a href=\"https:\/\/politicaprivacidade.com\/\" rel=\"noopener noreferrer\" target=\"_blank\" style=\"background-color: transparent; color: rgb(68, 68, 68);\">pol\u00edticas de privacidade<\/a><span style=\"color: rgb(68, 68, 68);\">.<\/span><\/p><p><span style=\"color: rgb(68, 68, 68);\">Este artigo visa recusar o nosso pedido de informa\u00e7\u00f5es pessoais, compreendendo que, por vezes, n\u00e3o podemos fornecer-lhe alguns dos servi\u00e7os que deseja.<\/span><\/p><p><span style=\"color: rgb(68, 68, 68);\">O uso cont\u00ednuo do nosso site ser\u00e1 considerado como aceita\u00e7\u00e3o das nossas pr\u00e1ticas relativas \u00e0 privacidade e \u00e0s informa\u00e7\u00f5es pessoais. Em caso de d\u00favidas sobre como fornecemos informa\u00e7\u00f5es e dados aos usu\u00e1rios, entre em contato conosco.<\/span><\/p><p><span style=\"color: rgb(68, 68, 68);\"><ul><li><span style=\"color: rgb(68, 68, 68);\">O servi\u00e7o Google AdSense que utilizamos para publicidade veicular usa um cookie DoubleClick para exibir an\u00fancios mais relevantes na Web e limita o n\u00famero de vezes que um an\u00fancio espec\u00edfico \u00e9 exibido por usu\u00e1rio.<\/span><\/li><li><span style=\"color: rgb(68, 68, 68);\">Para obter mais informa\u00e7\u00f5es sobre o Google AdSense, consulte as perguntas frequentes oficiais sobre privacidade do Google AdSense.<\/span><\/li><li><span style=\"color: rgb(68, 68, 68);\">Utilizamos esses an\u00fancios para compensar os custos de opera\u00e7\u00e3o deste site e financiar desenvolvimentos futuros. Os cookies de publicidade comportamental usados \u200b\u200bneste site s\u00e3o projetados para garantir que voc\u00ea receba os an\u00fancios mais relevantes com a maior frequ\u00eancia poss\u00edvel, rastreando anonimamente seus interesses e apresentando informa\u00e7\u00f5es relevantes que possam ser do seu interesse.<\/span><\/li><li><span style=\"color: rgb(68, 68, 68);\">Diversas partes anunciam em nosso nome e os cookies de rastreamento de afiliados simplesmente nos permitem ver se nossos clientes acessam o site por meio de um dos sites de nossos parceiros, para que possamos credit\u00e1-los adequadamente e, ao aplicar, permitir que nossos parceiros afiliados ofere\u00e7am qualquer promo\u00e7\u00e3o poss\u00edvel para efetuar uma compra.<\/span><\/li><\/ul><p><br><\/p><\/span><\/p><h3><span style=\"color: rgb(68, 68, 68);\">Compromisso do Usu\u00e1rio<\/span><\/h3><p><span style=\"color: rgb(68, 68, 68);\">O usu\u00e1rio se compromete a fazer uso adequado dos conte\u00fados e da informa\u00e7\u00e3o que o Reziviral oferece no site e com car\u00e1ter enunciativo, mas n\u00e3o limitativo:<\/span><\/p><ul><li><span style=\"color: rgb(68, 68, 68);\">A) N\u00e3o se envolva em atividades que estejam ligadas ou sejam contr\u00e1rias \u00e0 ordem p\u00fablica;<\/span><\/li><li><span style=\"color: rgb(68, 68, 68);\">B) N\u00e3o divulgue propaganda ou conte\u00fado de natureza racista, xen\u00f3foba, jogos de azar ou de sorte, qualquer tipo de pornografia ilegal, apologia ao terrorismo ou contra os direitos humanos;<\/span><\/li><li><span style=\"color: rgb(68, 68, 68);\">C) N\u00e3o causar danos aos sistemas f\u00edsicos (hardwares) e l\u00f3gicos (softwares) do Reziviral, de seus fornecedores ou terceiros, para introduzir ou disseminar v\u00edrus inform\u00e1ticos ou quaisquer outros sistemas de hardware ou software que sejam capazes de causar danos anteriormente mencionados.<\/span><\/li><\/ul><h3><span style=\"color: rgb(68, 68, 68);\">Mais informa\u00e7\u00f5es<\/span><\/h3><p><span style=\"color: rgb(68, 68, 68);\">Esperamos que isso esteja claro e, como mencionado acima, se voc\u00ea encontrar algo que n\u00e3o tenha certeza se \u00e9 preciso ou n\u00e3o, geralmente \u00e9 sempre seguro excluir os cookies ativados, neste caso, que interagem com um dos cursos que voc\u00ea usa em nosso site.<\/span><\/p><p><span style=\"color: rgb(68, 68, 68);\">Esta pol\u00edtica \u00e9 efetiva a partir de\u00a025 April 2025 12:11<\/span><\/p>\n<\/body><\/html>","protected":false},"excerpt":{"rendered":"<p>Pol\u00edtica Privacidade A sua privacidade \u00e9 importante para n\u00f3s. \u00c9 pol\u00edtica do Reziviral respeitar a sua privacidade em rela\u00e7\u00e3o a qualquer informa\u00e7\u00e3o sua que possamos coletar no site Reziviral, e outros sites que possu\u00edmos e operamos. Solicitamos informa\u00e7\u00f5es pessoais apenas quando realmente precisamos delas para lhe fornecer um servi\u00e7o. Fazemo-lo por meios justos e legais, [&hellip;]<\/p>\n","protected":false},"author":1,"featured_media":0,"parent":0,"menu_order":0,"comment_status":"closed","ping_status":"closed","template":"","meta":{"footnotes":""},"class_list":["post-3233","page","type-page","status-publish","hentry"],"_links":{"self":[{"href":"https:\/\/reziviral.xyz\/pt\/wp-json\/wp\/v2\/pages\/3233","targetHints":{"allow":["GET"]}}],"collection":[{"href":"https:\/\/reziviral.xyz\/pt\/wp-json\/wp\/v2\/pages"}],"about":[{"href":"https:\/\/reziviral.xyz\/pt\/wp-json\/wp\/v2\/types\/page"}],"author":[{"embeddable":true,"href":"https:\/\/reziviral.xyz\/pt\/wp-json\/wp\/v2\/users\/1"}],"replies":[{"embeddable":true,"href":"https:\/\/reziviral.xyz\/pt\/wp-json\/wp\/v2\/comments?post=3233"}],"version-history":[{"count":2,"href":"https:\/\/reziviral.xyz\/pt\/wp-json\/wp\/v2\/pages\/3233\/revisions"}],"predecessor-version":[{"id":3627,"href":"https:\/\/reziviral.xyz\/pt\/wp-json\/wp\/v2\/pages\/3233\/revisions\/3627"}],"wp:attachment":[{"href":"https:\/\/reziviral.xyz\/pt\/wp-json\/wp\/v2\/media?parent=3233"}],"curies":[{"name":"wp","href":"https:\/\/api.w.org\/{rel}","templated":true}]}}